{"id":1793,"date":"2020-06-24T13:56:16","date_gmt":"2020-06-24T18:56:16","guid":{"rendered":"https:\/\/alcreative.com.co\/?page_id=1793"},"modified":"2020-09-16T17:07:01","modified_gmt":"2020-09-16T22:07:01","slug":"protection-of-personal-data","status":"publish","type":"page","link":"https:\/\/www.almacafe.com.co\/en\/protection-of-personal-data\/","title":{"rendered":"Protection of Personal Data"},"content":{"rendered":"<div class=\"wpb-content-wrapper\"><p>[vc_row full_width=&#8221;stretch_row_content_no_spaces&#8221; css=&#8221;.vc_custom_1589210461108{margin-top: 0px !important;padding-top: 0px !important;background-position: center !important;background-repeat: no-repeat !important;background-size: cover !important;}&#8221;][vc_column css=&#8221;.vc_custom_1589210547311{margin-top: 0px !important;padding-top: 0px !important;}&#8221;][vc_column_text]<\/p>\n<div class=\"title_bg_services\">\n<p><img loading=\"lazy\" decoding=\"async\" class=\"alignnone size-full wp-image-2337\" src=\"\/assets\/media\/2020\/07\/img_proteccion-de-datos.jpg\" alt=\"\" width=\"1920\" height=\"600\" srcset=\"https:\/\/www.almacafe.com.co\/assets\/media\/2020\/07\/img_proteccion-de-datos.jpg 1920w, https:\/\/www.almacafe.com.co\/assets\/media\/2020\/07\/img_proteccion-de-datos-300x94.jpg 300w, https:\/\/www.almacafe.com.co\/assets\/media\/2020\/07\/img_proteccion-de-datos-1024x320.jpg 1024w, https:\/\/www.almacafe.com.co\/assets\/media\/2020\/07\/img_proteccion-de-datos-768x240.jpg 768w, https:\/\/www.almacafe.com.co\/assets\/media\/2020\/07\/img_proteccion-de-datos-1536x480.jpg 1536w, https:\/\/www.almacafe.com.co\/assets\/media\/2020\/07\/img_proteccion-de-datos-260x81.jpg 260w, https:\/\/www.almacafe.com.co\/assets\/media\/2020\/07\/img_proteccion-de-datos-50x16.jpg 50w, https:\/\/www.almacafe.com.co\/assets\/media\/2020\/07\/img_proteccion-de-datos-150x47.jpg 150w\" sizes=\"(max-width:767px) 480px, (max-width:1920px) 100vw, 1920px\" \/><\/p>\n<div class=\"title_services\">Protection of<br \/>\nPersonal Data<\/div>\n<\/div>\n<p>[\/vc_column_text][\/vc_column][\/vc_row][vc_row full_width=&#8221;stretch_row_content_no_spaces&#8221; css=&#8221;.vc_custom_1591735917938{margin-top: -56px !important;background-color: #f5f5f5 !important;}&#8221;][vc_column offset=&#8221;vc_hidden-lg vc_hidden-md&#8221;][vc_column_text css=&#8221;.vc_custom_1593025062820{padding-right: 30px !important;padding-left: 0px !important;}&#8221;]<\/p>\n<ul class=\"t1\">\n<li><span style=\"letter-spacing: 0px;\">POLICY OF PROCESSING OF PERSONAL DATA<\/span><\/li>\n<\/ul>\n<p>[\/vc_column_text][vc_column_text css=&#8221;.vc_custom_1593025131781{padding-top: 20px !important;padding-bottom: 70px !important;}&#8221;]<\/p>\n<h2 style=\"text-align: center;\">Personal data <strong>treatment policy<\/strong><br \/>\n<strong>ALMACAF\u00c9 S.A.<\/strong><\/h2>\n<p>[\/vc_column_text][\/vc_column][\/vc_row][vc_row full_width=&#8221;stretch_row_content_no_spaces&#8221; css=&#8221;.vc_custom_1589992149520{margin-top: -10px !important;background-color: #f5f5f5 !important;}&#8221;][vc_column offset=&#8221;vc_hidden-sm vc_hidden-xs&#8221;][vc_column_text]<\/p>\n<ul class=\"t1\">\n<li><span style=\"letter-spacing: 1px;\">POLICY OF PROCESSING OF PERSONAL DATA<\/span><\/li>\n<\/ul>\n<p>[\/vc_column_text][vc_column_text css=&#8221;.vc_custom_1593025137764{padding-top: 20px !important;padding-bottom: 70px !important;}&#8221;]<\/p>\n<h2 style=\"text-align: center;\">Personal data <strong>treatment policy<\/strong><br \/>\n<strong>ALMACAF\u00c9 S.A.<\/strong><\/h2>\n<p>[\/vc_column_text][\/vc_column][\/vc_row][vc_row full_width=&#8221;stretch_row_content_no_spaces&#8221; bg_type=&#8221;image&#8221; parallax_style=&#8221;vcpb-default&#8221; bg_image_new=&#8221;id^654|url^\/assets\/media\/2020\/05\/bg_proteccion-de-datos.jpg|caption^null|alt^null|title^bg_proteccion-de-datos|description^null&#8221; bg_image_repeat=&#8221;no-repeat&#8221; css=&#8221;.vc_custom_1590016294575{margin-top: -35px !important;padding-bottom: 80px !important;}&#8221;][vc_column offset=&#8221;vc_hidden-sm vc_hidden-xs&#8221;][vc_row_inner css=&#8221;.vc_custom_1590016028337{padding-right: 120px !important;padding-left: 120px !important;}&#8221;][vc_column_inner width=&#8221;1\/4&#8243;][vc_column_text]<img loading=\"lazy\" decoding=\"async\" class=\"size-full wp-image-653 alignright\" src=\"\/assets\/media\/2020\/05\/icon_proteccion-de-datos.png\" alt=\"\" width=\"115\" height=\"115\" srcset=\"https:\/\/www.almacafe.com.co\/assets\/media\/2020\/05\/icon_proteccion-de-datos.png 115w, https:\/\/www.almacafe.com.co\/assets\/media\/2020\/05\/icon_proteccion-de-datos-50x50.png 50w, https:\/\/www.almacafe.com.co\/assets\/media\/2020\/05\/icon_proteccion-de-datos-75x75.png 75w, https:\/\/www.almacafe.com.co\/assets\/media\/2020\/05\/icon_proteccion-de-datos-85x85.png 85w, https:\/\/www.almacafe.com.co\/assets\/media\/2020\/05\/icon_proteccion-de-datos-80x80.png 80w\" sizes=\"(max-width:767px) 115px, 115px\" \/>[\/vc_column_text][\/vc_column_inner][vc_column_inner width=&#8221;3\/4&#8243;][vc_column_text css=&#8221;.vc_custom_1593025199773{padding-top: 20px !important;padding-right: 177px !important;padding-left: 30px !important;}&#8221;]<span style=\"color: #ffffff;\">This document establishes the Personal Data Treatment Policy of Almacenes Generales de Dep\u00f3sito de Caf\u00e9 S.A., Almacaf\u00e9 (hereinafter, \u201cALMACAF\u00c9\u201d). This Policy describes the mechanisms by which ALMACAF\u00c9 guarantees proper handling of the Personal Data collected in its Databases, in order to allow the Holders of the same to exercise the right of Habeas Data.<\/span>[\/vc_column_text][\/vc_column_inner][\/vc_row_inner][vc_row_inner css=&#8221;.vc_custom_1590016354124{margin-top: 30px !important;margin-bottom: 45px !important;}&#8221;][vc_column_inner][vc_column_text]<\/p>\n<h4 style=\"text-align: center;\"><span style=\"color: #ffffff;\"><strong>To view the full policy please<\/strong><\/span><\/h4>\n<p>[\/vc_column_text][\/vc_column_inner][\/vc_row_inner]<div class=\" ubtn-ctn-center \"><a class=\"ubtn-link ult-adjust-bottom-margin ubtn-center ubtn-custom \" href=\"\/assets\/media\/2020\/05\/Politica_de_Tratamiento_de_Datos_Personales_Almacafe_con_formato.pdf\" target=\"_blank\" rel=\"noopener\" ><button type=\"button\" id=\"ubtn-5366\"  class=\"ubtn ult-adjust-bottom-margin ult-responsive ubtn-custom ubtn-no-hover-bg  none  ubtn-sep-icon ubtn-sep-icon-at-right  ubtn-center   tooltip-6a0470a94af4f\"  data-hover=\"\" data-border-color=\"\" data-bg=\"#235a3d\" data-hover-bg=\"\" data-border-hover=\"\" data-shadow-hover=\"\" data-shadow-click=\"none\" data-shadow=\"\" data-shd-shadow=\"\"  data-ultimate-target='#ubtn-5366'  data-responsive-json-new='{\"font-size\":\"desktop:19px;\",\"line-height\":\"\"}'  style=\"font-weight:normal;width:280px;min-height:50px;padding:5px px;border:none;background: #235a3d;color: #ffffff;\"><span class=\"ubtn-data ubtn-icon\"><i class=\"Defaults-download\" style=\"font-size:38px;color:#ffffff;\"><\/i><\/span><span class=\"ubtn-hover\" style=\"background-color:\"><\/span><span class=\"ubtn-data ubtn-text \" >Click here<\/span><\/button><\/a><\/div>[\/vc_column][\/vc_row][vc_row full_width=&#8221;stretch_row_content_no_spaces&#8221; bg_type=&#8221;image&#8221; parallax_style=&#8221;vcpb-default&#8221; bg_image_new=&#8221;id^654|url^\/assets\/media\/2020\/05\/bg_proteccion-de-datos.jpg|caption^null|alt^null|title^bg_proteccion-de-datos|description^null&#8221; bg_image_repeat=&#8221;no-repeat&#8221; css=&#8221;.vc_custom_1590016294575{margin-top: -35px !important;padding-bottom: 80px !important;}&#8221;][vc_column offset=&#8221;vc_hidden-lg vc_hidden-md&#8221;][vc_row_inner][vc_column_inner width=&#8221;1\/4&#8243;][vc_column_text]<img loading=\"lazy\" decoding=\"async\" class=\"size-full wp-image-653 aligncenter\" src=\"\/assets\/media\/2020\/05\/icon_proteccion-de-datos.png\" alt=\"\" width=\"115\" height=\"115\" srcset=\"https:\/\/www.almacafe.com.co\/assets\/media\/2020\/05\/icon_proteccion-de-datos.png 115w, https:\/\/www.almacafe.com.co\/assets\/media\/2020\/05\/icon_proteccion-de-datos-50x50.png 50w, https:\/\/www.almacafe.com.co\/assets\/media\/2020\/05\/icon_proteccion-de-datos-75x75.png 75w, https:\/\/www.almacafe.com.co\/assets\/media\/2020\/05\/icon_proteccion-de-datos-85x85.png 85w, https:\/\/www.almacafe.com.co\/assets\/media\/2020\/05\/icon_proteccion-de-datos-80x80.png 80w\" sizes=\"(max-width:767px) 115px, 115px\" \/>[\/vc_column_text][\/vc_column_inner][vc_column_inner width=&#8221;3\/4&#8243;][vc_column_text css=&#8221;.vc_custom_1593025267670{padding-top: 20px !important;padding-right: 30px !important;padding-left: 30px !important;}&#8221;]<span style=\"color: #ffffff;\">This document establishes the Personal Data Treatment Policy of Almacenes Generales de Dep\u00f3sito de Caf\u00e9 S.A., Almacaf\u00e9 (hereinafter, \u201cALMACAF\u00c9\u201d). This Policy describes the mechanisms by which ALMACAF\u00c9 guarantees proper handling of the Personal Data collected in its Databases, in order to allow the Holders of the same to exercise the right of Habeas Data.<\/span>[\/vc_column_text][\/vc_column_inner][\/vc_row_inner][vc_row_inner css=&#8221;.vc_custom_1590016354124{margin-top: 30px !important;margin-bottom: 45px !important;}&#8221;][vc_column_inner][vc_column_text]<\/p>\n<h4 style=\"text-align: center;\"><span style=\"color: #ffffff;\"><strong>To view the full policy please<\/strong><\/span><\/h4>\n<p>[\/vc_column_text][\/vc_column_inner][\/vc_row_inner]<div class=\" ubtn-ctn-center \"><a class=\"ubtn-link ult-adjust-bottom-margin ubtn-center ubtn-custom \" href=\"\/assets\/media\/2020\/05\/Politica_de_Tratamiento_de_Datos_Personales_Almacafe_con_formato.pdf\" target=\"_blank\" rel=\"noopener\" ><button type=\"button\" id=\"ubtn-8819\"  class=\"ubtn ult-adjust-bottom-margin ult-responsive ubtn-custom ubtn-no-hover-bg  none  ubtn-sep-icon ubtn-sep-icon-at-right  ubtn-center   tooltip-6a0470a94b0a4\"  data-hover=\"\" data-border-color=\"\" data-bg=\"#235a3d\" data-hover-bg=\"\" data-border-hover=\"\" data-shadow-hover=\"\" data-shadow-click=\"none\" data-shadow=\"\" data-shd-shadow=\"\"  data-ultimate-target='#ubtn-8819'  data-responsive-json-new='{\"font-size\":\"desktop:19px;\",\"line-height\":\"\"}'  style=\"font-weight:normal;width:280px;min-height:50px;padding:5px px;border:none;background: #235a3d;color: #ffffff;\"><span class=\"ubtn-data ubtn-icon\"><i class=\"Defaults-download\" style=\"font-size:38px;color:#ffffff;\"><\/i><\/span><span class=\"ubtn-hover\" style=\"background-color:\"><\/span><span class=\"ubtn-data ubtn-text \" >Click here<\/span><\/button><\/a><\/div>[\/vc_column][\/vc_row]<\/p>\n<\/div>","protected":false},"excerpt":{"rendered":"<p>[vc_row full_width=&#8221;stretch_row_content_no_spaces&#8221; css=&#8221;.vc_custom_1589210461108{margin-top: 0px !important;padding-top: 0px !important;background-position: center !important;background-repeat: no-repeat !important;background-size: cover !important;}&#8221;][vc_column css=&#8221;.vc_custom_1589210547311{margin-top: 0px !important;padding-top: 0px !important;}&#8221;][vc_column_text] Protection of Personal Data [\/vc_column_text][\/vc_column][\/vc_row][vc_row full_width=&#8221;stretch_row_content_no_spaces&#8221; css=&#8221;.vc_custom_1591735917938{margin-top: -56px<span class=\"excerpt-hellip\"> [\u2026]<\/span><\/p>\n","protected":false},"author":1,"featured_media":0,"parent":0,"menu_order":0,"comment_status":"closed","ping_status":"closed","template":"","meta":{"inline_featured_image":false,"footnotes":""},"class_list":["post-1793","page","type-page","status-publish","hentry"],"yoast_head":"<!-- This site is optimized with the Yoast SEO plugin v23.0 - https:\/\/yoast.com\/wordpress\/plugins\/seo\/ -->\n<title>Protection of Personal Data | Almacaf\u00e9<\/title>\n<meta name=\"robots\" content=\"index, follow, max-snippet:-1, max-image-preview:large, max-video-preview:-1\" \/>\n<link rel=\"canonical\" href=\"https:\/\/www.almacafe.com.co\/en\/protection-of-personal-data\/\" \/>\n<meta property=\"og:locale\" content=\"en_US\" \/>\n<meta property=\"og:type\" content=\"article\" \/>\n<meta property=\"og:title\" content=\"Protection of Personal Data | Almacaf\u00e9\" \/>\n<meta property=\"og:description\" content=\"[vc_row full_width=&#8221;stretch_row_content_no_spaces&#8221; css=&#8221;.vc_custom_1589210461108{margin-top: 0px !important;padding-top: 0px !important;background-position: center !important;background-repeat: no-repeat !important;background-size: cover !important;}&#8221;][vc_column css=&#8221;.vc_custom_1589210547311{margin-top: 0px !important;padding-top: 0px !important;}&#8221;][vc_column_text] Protection of Personal Data [\/vc_column_text][\/vc_column][\/vc_row][vc_row full_width=&#8221;stretch_row_content_no_spaces&#8221; css=&#8221;.vc_custom_1591735917938{margin-top: -56px [\u2026]\" \/>\n<meta property=\"og:url\" content=\"https:\/\/www.almacafe.com.co\/en\/protection-of-personal-data\/\" \/>\n<meta property=\"og:site_name\" content=\"Almacaf\u00e9\" \/>\n<meta property=\"article:modified_time\" content=\"2020-09-16T22:07:01+00:00\" \/>\n<meta name=\"twitter:card\" content=\"summary_large_image\" \/>\n<meta name=\"twitter:label1\" content=\"Est. reading time\" \/>\n\t<meta name=\"twitter:data1\" content=\"4 minutes\" \/>\n<script type=\"application\/ld+json\" class=\"yoast-schema-graph\">{\"@context\":\"https:\/\/schema.org\",\"@graph\":[{\"@type\":\"WebPage\",\"@id\":\"https:\/\/www.almacafe.com.co\/en\/protection-of-personal-data\/\",\"url\":\"https:\/\/www.almacafe.com.co\/en\/protection-of-personal-data\/\",\"name\":\"Protection of Personal Data | Almacaf\u00e9\",\"isPartOf\":{\"@id\":\"https:\/\/www.almacafe.com.co\/#website\"},\"datePublished\":\"2020-06-24T18:56:16+00:00\",\"dateModified\":\"2020-09-16T22:07:01+00:00\",\"breadcrumb\":{\"@id\":\"https:\/\/www.almacafe.com.co\/en\/protection-of-personal-data\/#breadcrumb\"},\"inLanguage\":\"en-US\",\"potentialAction\":[{\"@type\":\"ReadAction\",\"target\":[\"https:\/\/www.almacafe.com.co\/en\/protection-of-personal-data\/\"]}]},{\"@type\":\"BreadcrumbList\",\"@id\":\"https:\/\/www.almacafe.com.co\/en\/protection-of-personal-data\/#breadcrumb\",\"itemListElement\":[{\"@type\":\"ListItem\",\"position\":1,\"name\":\"Home\",\"item\":\"https:\/\/www.almacafe.com.co\/\"},{\"@type\":\"ListItem\",\"position\":2,\"name\":\"Protection of Personal Data\"}]},{\"@type\":\"WebSite\",\"@id\":\"https:\/\/www.almacafe.com.co\/#website\",\"url\":\"https:\/\/www.almacafe.com.co\/\",\"name\":\"Almacaf\u00e9\",\"description\":\"Su log\u00edstica, nuestra alma\",\"publisher\":{\"@id\":\"https:\/\/www.almacafe.com.co\/#organization\"},\"potentialAction\":[{\"@type\":\"SearchAction\",\"target\":{\"@type\":\"EntryPoint\",\"urlTemplate\":\"https:\/\/www.almacafe.com.co\/?s={search_term_string}\"},\"query-input\":\"required name=search_term_string\"}],\"inLanguage\":\"en-US\"},{\"@type\":\"Organization\",\"@id\":\"https:\/\/www.almacafe.com.co\/#organization\",\"name\":\"Almacaf\u00e9\",\"url\":\"https:\/\/www.almacafe.com.co\/\",\"logo\":{\"@type\":\"ImageObject\",\"inLanguage\":\"en-US\",\"@id\":\"https:\/\/www.almacafe.com.co\/#\/schema\/logo\/image\/\",\"url\":\"https:\/\/www.almacafe.com.co\/assets\/media\/2020\/06\/logo-almacafe-retina.png\",\"contentUrl\":\"https:\/\/www.almacafe.com.co\/assets\/media\/2020\/06\/logo-almacafe-retina.png\",\"width\":434,\"height\":53,\"caption\":\"Almacaf\u00e9\"},\"image\":{\"@id\":\"https:\/\/www.almacafe.com.co\/#\/schema\/logo\/image\/\"}}]}<\/script>\n<!-- \/ Yoast SEO plugin. -->","yoast_head_json":{"title":"Protection of Personal Data | Almacaf\u00e9","robots":{"index":"index","follow":"follow","max-snippet":"max-snippet:-1","max-image-preview":"max-image-preview:large","max-video-preview":"max-video-preview:-1"},"canonical":"https:\/\/www.almacafe.com.co\/en\/protection-of-personal-data\/","og_locale":"en_US","og_type":"article","og_title":"Protection of Personal Data | Almacaf\u00e9","og_description":"[vc_row full_width=&#8221;stretch_row_content_no_spaces&#8221; css=&#8221;.vc_custom_1589210461108{margin-top: 0px !important;padding-top: 0px !important;background-position: center !important;background-repeat: no-repeat !important;background-size: cover !important;}&#8221;][vc_column css=&#8221;.vc_custom_1589210547311{margin-top: 0px !important;padding-top: 0px !important;}&#8221;][vc_column_text] Protection of Personal Data [\/vc_column_text][\/vc_column][\/vc_row][vc_row full_width=&#8221;stretch_row_content_no_spaces&#8221; css=&#8221;.vc_custom_1591735917938{margin-top: -56px [\u2026]","og_url":"https:\/\/www.almacafe.com.co\/en\/protection-of-personal-data\/","og_site_name":"Almacaf\u00e9","article_modified_time":"2020-09-16T22:07:01+00:00","twitter_card":"summary_large_image","twitter_misc":{"Est. reading time":"4 minutes"},"schema":{"@context":"https:\/\/schema.org","@graph":[{"@type":"WebPage","@id":"https:\/\/www.almacafe.com.co\/en\/protection-of-personal-data\/","url":"https:\/\/www.almacafe.com.co\/en\/protection-of-personal-data\/","name":"Protection of Personal Data | Almacaf\u00e9","isPartOf":{"@id":"https:\/\/www.almacafe.com.co\/#website"},"datePublished":"2020-06-24T18:56:16+00:00","dateModified":"2020-09-16T22:07:01+00:00","breadcrumb":{"@id":"https:\/\/www.almacafe.com.co\/en\/protection-of-personal-data\/#breadcrumb"},"inLanguage":"en-US","potentialAction":[{"@type":"ReadAction","target":["https:\/\/www.almacafe.com.co\/en\/protection-of-personal-data\/"]}]},{"@type":"BreadcrumbList","@id":"https:\/\/www.almacafe.com.co\/en\/protection-of-personal-data\/#breadcrumb","itemListElement":[{"@type":"ListItem","position":1,"name":"Home","item":"https:\/\/www.almacafe.com.co\/"},{"@type":"ListItem","position":2,"name":"Protection of Personal Data"}]},{"@type":"WebSite","@id":"https:\/\/www.almacafe.com.co\/#website","url":"https:\/\/www.almacafe.com.co\/","name":"Almacaf\u00e9","description":"Su log\u00edstica, nuestra alma","publisher":{"@id":"https:\/\/www.almacafe.com.co\/#organization"},"potentialAction":[{"@type":"SearchAction","target":{"@type":"EntryPoint","urlTemplate":"https:\/\/www.almacafe.com.co\/?s={search_term_string}"},"query-input":"required name=search_term_string"}],"inLanguage":"en-US"},{"@type":"Organization","@id":"https:\/\/www.almacafe.com.co\/#organization","name":"Almacaf\u00e9","url":"https:\/\/www.almacafe.com.co\/","logo":{"@type":"ImageObject","inLanguage":"en-US","@id":"https:\/\/www.almacafe.com.co\/#\/schema\/logo\/image\/","url":"https:\/\/www.almacafe.com.co\/assets\/media\/2020\/06\/logo-almacafe-retina.png","contentUrl":"https:\/\/www.almacafe.com.co\/assets\/media\/2020\/06\/logo-almacafe-retina.png","width":434,"height":53,"caption":"Almacaf\u00e9"},"image":{"@id":"https:\/\/www.almacafe.com.co\/#\/schema\/logo\/image\/"}}]}},"_links":{"self":[{"href":"https:\/\/www.almacafe.com.co\/en\/wp-json\/wp\/v2\/pages\/1793"}],"collection":[{"href":"https:\/\/www.almacafe.com.co\/en\/wp-json\/wp\/v2\/pages"}],"about":[{"href":"https:\/\/www.almacafe.com.co\/en\/wp-json\/wp\/v2\/types\/page"}],"author":[{"embeddable":true,"href":"https:\/\/www.almacafe.com.co\/en\/wp-json\/wp\/v2\/users\/1"}],"replies":[{"embeddable":true,"href":"https:\/\/www.almacafe.com.co\/en\/wp-json\/wp\/v2\/comments?post=1793"}],"version-history":[{"count":9,"href":"https:\/\/www.almacafe.com.co\/en\/wp-json\/wp\/v2\/pages\/1793\/revisions"}],"predecessor-version":[{"id":2909,"href":"https:\/\/www.almacafe.com.co\/en\/wp-json\/wp\/v2\/pages\/1793\/revisions\/2909"}],"wp:attachment":[{"href":"https:\/\/www.almacafe.com.co\/en\/wp-json\/wp\/v2\/media?parent=1793"}],"curies":[{"name":"wp","href":"https:\/\/api.w.org\/{rel}","templated":true}]}}